{"id":149,"date":"2024-06-14T15:06:19","date_gmt":"2024-06-14T15:06:19","guid":{"rendered":"https:\/\/osteopathie-stock.de\/herzlich-willkommen\/?page_id=11\/?page_id=149"},"modified":"2024-06-14T15:06:19","modified_gmt":"2024-06-14T15:06:19","slug":"impressum","status":"publish","type":"page","link":"https:\/\/osteopathie-stock.de\/herzlich-willkommen\/?page_id=11\/?page_id=149","title":{"rendered":"Impressum"},"content":{"rendered":"\n<h4 class=\"wp-block-heading\">Inhaltlich Verantwortlicher:<\/h4>\n\n\n\n<h5 class=\"wp-block-heading\">Silke Stock<\/h5>\n\n\n\n<h5 class=\"wp-block-heading\">Waldstr. 24<\/h5>\n\n\n\n<h5 class=\"wp-block-heading\">52224 Stolberg<\/h5>\n\n\n\n<h5 class=\"wp-block-heading\">Tel: 02402 9738780<\/h5>\n\n\n\n<h5 class=\"wp-block-heading\">E-Mail: admin(at)osteopathie-stock.de<\/h5>\n\n\n\n<h4 class=\"wp-block-heading\">Aufsichtsbeh\u00f6rde:<\/h4>\n\n\n\n<h5 class=\"wp-block-heading\">Gesundheitsamt Aachen<\/h5>\n\n\n\n<h4 class=\"wp-block-heading\">Berufsbezeichnung:<\/h4>\n\n\n\n<h5 class=\"wp-block-heading\">Osteopathin, Physiotherapeutin, Sportwissenschaftlerin und Heilpraktikerin.<\/h5>\n\n\n\n<h5 class=\"wp-block-heading\">Die von mir erbrachten Leistungen sind gem\u00e4\u00df \u00a74 Nr.14 UstG von der Umsatzsteuer befreit.<\/h5>\n\n\n\n<h4 class=\"wp-block-heading\">Haftungshinweis:<\/h4>\n\n\n\n<h5 class=\"wp-block-heading\">Trotz sorgf\u00e4ltiger Kontrolle \u00fcbernehmen wir keine Haftung f\u00fcr die Inhalte externer Seiten.<\/h5>\n\n\n\n<h5 class=\"wp-block-heading\">F\u00fcr den Inhalt externer Seiten sind ausschlie\u00dflich deren Betreiber verantwortlich.<\/h5>\n","protected":false},"excerpt":{"rendered":"<p>Inhaltlich Verantwortlicher: Silke Stock Waldstr. 24 52224 Stolberg Tel: 02402 9738780 E-Mail: admin(at)osteopathie-stock.de Aufsichtsbeh\u00f6rde: Gesundheitsamt Aachen Berufsbezeichnung: Osteopathin, Physiotherapeutin, Sportwissenschaftlerin und Heilpraktikerin. Die von mir erbrachten Leistungen sind gem\u00e4\u00df \u00a74 Nr.14 UstG von der Umsatzsteuer befreit. Haftungshinweis: Trotz sorgf\u00e4ltiger Kontrolle \u00fcbernehmen wir keine Haftung f\u00fcr die Inhalte externer Seiten. F\u00fcr den Inhalt externer Seiten sind [&hellip;]<\/p>\n","protected":false},"author":1,"featured_media":0,"parent":11,"menu_order":8,"comment_status":"closed","ping_status":"closed","template":"","meta":{"footnotes":""},"class_list":["post-149","page","type-page","status-publish","hentry"],"_links":{"self":[{"href":"https:\/\/osteopathie-stock.de\/herzlich-willkommen\/?page_id=11%2Findex.php&rest_route=\/wp\/v2\/pages\/149","targetHints":{"allow":["GET"]}}],"collection":[{"href":"https:\/\/osteopathie-stock.de\/herzlich-willkommen\/?page_id=11%2Findex.php&rest_route=\/wp\/v2\/pages"}],"about":[{"href":"https:\/\/osteopathie-stock.de\/herzlich-willkommen\/?page_id=11%2Findex.php&rest_route=\/wp\/v2\/types\/page"}],"author":[{"embeddable":true,"href":"https:\/\/osteopathie-stock.de\/herzlich-willkommen\/?page_id=11%2Findex.php&rest_route=\/wp\/v2\/users\/1"}],"replies":[{"embeddable":true,"href":"https:\/\/osteopathie-stock.de\/herzlich-willkommen\/?page_id=11%2Findex.php&rest_route=%2Fwp%2Fv2%2Fcomments&post=149"}],"version-history":[{"count":1,"href":"https:\/\/osteopathie-stock.de\/herzlich-willkommen\/?page_id=11%2Findex.php&rest_route=\/wp\/v2\/pages\/149\/revisions"}],"predecessor-version":[{"id":150,"href":"https:\/\/osteopathie-stock.de\/herzlich-willkommen\/?page_id=11%2Findex.php&rest_route=\/wp\/v2\/pages\/149\/revisions\/150"}],"up":[{"embeddable":true,"href":"https:\/\/osteopathie-stock.de\/herzlich-willkommen\/?page_id=11%2Findex.php&rest_route=\/wp\/v2\/pages\/11"}],"wp:attachment":[{"href":"https:\/\/osteopathie-stock.de\/herzlich-willkommen\/?page_id=11%2Findex.php&rest_route=%2Fwp%2Fv2%2Fmedia&parent=149"}],"curies":[{"name":"wp","href":"https:\/\/api.w.org\/{rel}","templated":true}]}}