

{"id":25,"date":"2023-11-21T10:06:45","date_gmt":"2023-11-21T10:06:45","guid":{"rendered":"http:\/\/boekenstock.de\/?page_id=25"},"modified":"2024-06-14T14:58:25","modified_gmt":"2024-06-14T14:58:25","slug":"anfahrt","status":"publish","type":"page","link":"https:\/\/osteopathie-stock.de\/herzlich-willkommen\/?page_id=11\/?page_id=25","title":{"rendered":"Anfahrt"},"content":{"rendered":"\n<div class=\"wp-block-columns is-layout-flex wp-container-core-columns-is-layout-28f84493 wp-block-columns-is-layout-flex\">\n<div class=\"wp-block-column is-layout-flow wp-block-column-is-layout-flow\" style=\"flex-basis:100%\">\n<p class=\"has-text-align-center\">Adresse der Praxis: <strong> Waldstra\u00dfe 24, 52224 Stolberg<\/strong><\/p>\n\n\n\n<hr class=\"wp-block-separator aligncenter has-alpha-channel-opacity\"\/>\n\n\n\n<p class=\"has-text-align-center\">Das Parken ist in der Stra\u00dfe kostenlos m\u00f6glich.<\/p>\n<\/div>\n<\/div>\n\n\n\n<p class=\"has-text-align-center\"><strong>Hinweis: Die Praxis ist nicht barrierefrei!<\/strong><\/p>\n\n\n\n<link rel='stylesheet' id='osm-ol3-css-css' href='https:\/\/osteopathie-stock.de\/wp-content\/plugins\/osm\/js\/OL\/10.9.0\/ol.css?ver=6.9.4' media='all' \/>\n<link rel='stylesheet' id='osm-ol3-ext-css-css' href='https:\/\/osteopathie-stock.de\/wp-content\/plugins\/osm\/css\/osm_map_v3.css?ver=6.9.4' media='all' \/>\n<link rel='stylesheet' id='osm-map-css-css' href='https:\/\/osteopathie-stock.de\/wp-content\/plugins\/osm\/css\/osm_map.css?ver=6.9.4' media='all' \/>\n<script src=\"https:\/\/osteopathie-stock.de\/wp-includes\/js\/dist\/vendor\/wp-polyfill.min.js?ver=3.15.0\" id=\"wp-polyfill-js\"><\/script>\n<script src=\"https:\/\/osteopathie-stock.de\/wp-content\/plugins\/osm\/js\/OL\/10.9.0\/ol.js?ver=10.9.0\" id=\"osm-ol3-library-js\"><\/script>\n<script src=\"https:\/\/osteopathie-stock.de\/wp-content\/plugins\/osm\/js\/osm-v3-plugin-lib.js?ver=1.0.0\" id=\"osm-ol3-ext-library-js\"><\/script>\n<script src=\"https:\/\/osteopathie-stock.de\/wp-content\/plugins\/osm\/js\/osm-metabox-events.js?ver=1.0.0\" id=\"osm-ol3-metabox-events-js\"><\/script>\n<script src=\"https:\/\/osteopathie-stock.de\/wp-includes\/js\/jquery\/jquery.min.js?ver=3.7.1\" id=\"jquery-core-js\"><\/script>\n<script src=\"https:\/\/osteopathie-stock.de\/wp-includes\/js\/jquery\/jquery-migrate.min.js?ver=3.4.1\" id=\"jquery-migrate-js\"><\/script>\n<script id=\"osm-map-startup-js-extra\">\nvar translations = {\"openlayer\":\"open layer\",\"openlayerAtStartup\":\"open layer at startup\",\"generateLink\":\"link to this map with opened layers\",\"shortDescription\":\"short description\",\"generatedShortCode\":\"to get a text control link paste this code in your wordpress editor\",\"closeLayer\":\"close layer\",\"cantGenerateLink\":\"put this string in the existing map short code to control this map\"};\n\/\/# sourceURL=osm-map-startup-js-extra\n<\/script>\n<script src=\"https:\/\/osteopathie-stock.de\/wp-content\/plugins\/osm\/js\/osm-startup-lib.js?ver=V6.2.5\" id=\"osm-map-startup-js\"><\/script>\n\n        <div id=\"map_ol3js_1\"\n       class=\"osm-map-container undefined\"\n             data-map_name=\"undefined\"\n             data-map=\"map_ol3js_1\"\n             data-autoshow=\"no\"\n             style=\"width:95%;\n                    max-width:100%;\n                    height:450px;\n                    display:block;\n                    overflow:hidden;\n                    border:2px solid grey;\n                    position: relative;\">\n          <div id=\"map_ol3js_1_popup\" class=\"ol-popup\">\n            <a href=\"#\" id=\"map_ol3js_1_popup-closer\" class=\"ol-popup-closer\"><\/a>\n            <div id=\"map_ol3js_1_popup-content\"><\/div>\n          <\/div>\n        <\/div>\n    <script type=\"text\/javascript\">\n\t\t\t  vectorM['map_ol3js_1'] = [];\n\t        \n        var raster = getTileLayer(\"osm\",\"NoKey\");\t\t\t\n\n\t\t\t  var map_ol3js_1 = new ol.Map({\n\t\t\t\tinteractions: ol.interaction.defaults.defaults({mouseWheelZoom:false}),\n\t\t\t\tlayers: [raster],\n\t\t\t\ttarget: \"map_ol3js_1\",\n\t\t\t\tview: new ol.View({\n\t\t\t\t  center: ol.proj.transform([6.2665,50.7654], \"EPSG:4326\", \"EPSG:3857\"),\n\t\t\t\t  zoom: 12.6\n\t\t\t\t})\n\t\t\t  });\n\t\t\t  osm_addMarkerLayer(map_ol3js_1,6.2664,50.7654,\"https:\/\/osteopathie-stock.de\/wp-content\/plugins\/osm\/icons\/mic_black_start_10.png\",-16,-41,\"<p><\/p>\") ; \naddControls2Map(map_ol3js_1,0,0,3,0,5,6,7,1,1);\nosm_addPopupClickhandler(map_ol3js_1,  \"map_ol3js_1\"); \nosm_addMouseHover(map_ol3js_1); <\/script>\n","protected":false},"excerpt":{"rendered":"<p>Adresse der Praxis: Waldstra\u00dfe 24, 52224 Stolberg Das Parken ist in der Stra\u00dfe kostenlos m\u00f6glich. Hinweis: Die Praxis ist nicht barrierefrei!<\/p>\n","protected":false},"author":2,"featured_media":0,"parent":11,"menu_order":6,"comment_status":"closed","ping_status":"closed","template":"","meta":{"footnotes":""},"class_list":["post-25","page","type-page","status-publish","hentry"],"_links":{"self":[{"href":"https:\/\/osteopathie-stock.de\/herzlich-willkommen\/?page_id=11%2Findex.php&rest_route=\/wp\/v2\/pages\/25","targetHints":{"allow":["GET"]}}],"collection":[{"href":"https:\/\/osteopathie-stock.de\/herzlich-willkommen\/?page_id=11%2Findex.php&rest_route=\/wp\/v2\/pages"}],"about":[{"href":"https:\/\/osteopathie-stock.de\/herzlich-willkommen\/?page_id=11%2Findex.php&rest_route=\/wp\/v2\/types\/page"}],"author":[{"embeddable":true,"href":"https:\/\/osteopathie-stock.de\/herzlich-willkommen\/?page_id=11%2Findex.php&rest_route=\/wp\/v2\/users\/2"}],"replies":[{"embeddable":true,"href":"https:\/\/osteopathie-stock.de\/herzlich-willkommen\/?page_id=11%2Findex.php&rest_route=%2Fwp%2Fv2%2Fcomments&post=25"}],"version-history":[{"count":4,"href":"https:\/\/osteopathie-stock.de\/herzlich-willkommen\/?page_id=11%2Findex.php&rest_route=\/wp\/v2\/pages\/25\/revisions"}],"predecessor-version":[{"id":117,"href":"https:\/\/osteopathie-stock.de\/herzlich-willkommen\/?page_id=11%2Findex.php&rest_route=\/wp\/v2\/pages\/25\/revisions\/117"}],"up":[{"embeddable":true,"href":"https:\/\/osteopathie-stock.de\/herzlich-willkommen\/?page_id=11%2Findex.php&rest_route=\/wp\/v2\/pages\/11"}],"wp:attachment":[{"href":"https:\/\/osteopathie-stock.de\/herzlich-willkommen\/?page_id=11%2Findex.php&rest_route=%2Fwp%2Fv2%2Fmedia&parent=25"}],"curies":[{"name":"wp","href":"https:\/\/api.w.org\/{rel}","templated":true}]}}