{"id":27,"date":"2023-11-21T09:48:24","date_gmt":"2023-11-21T09:48:24","guid":{"rendered":"http:\/\/boekenstock.de\/?page_id=27"},"modified":"2024-06-14T14:57:56","modified_gmt":"2024-06-14T14:57:56","slug":"termin-vereinbaren","status":"publish","type":"page","link":"https:\/\/osteopathie-stock.de\/herzlich-willkommen\/?page_id=11\/?page_id=27","title":{"rendered":"Termin vereinbaren"},"content":{"rendered":"\n<p class=\"has-text-align-center\">Termine nach Vereinbarung.<\/p>\n\n\n\n<hr class=\"wp-block-separator has-alpha-channel-opacity\"\/>\n\n\n\n<p class=\"has-text-align-center\"><strong>Tel.: 02402 9738780<\/strong><\/p>\n\n\n\n<p class=\"has-text-align-center\"><strong>Telefonzeiten: <\/strong> <\/p>\n\n\n\n<p class=\"has-text-align-center\"> Montag:         13.00-16.00 Uhr <\/p>\n\n\n\n<p class=\"has-text-align-center\">Mittwoch:      11.00-14.00 Uhr<\/p>\n\n\n\n<p class=\"has-text-align-center\">Au\u00dferhalb der Telefonzeiten k\u00f6nnen Sie eine Nachricht mit einer R\u00fcckrufnummer auf dem Anrufbeantworter hinterlassen. <\/p>\n\n\n\n<hr class=\"wp-block-separator has-alpha-channel-opacity\"\/>\n\n\n\n<p class=\"has-text-align-center\">Alternativ k\u00f6nnen Sie via E-Mail Kontakt aufnehmen.<\/p>\n\n\n\n<p class=\"has-text-align-center\"><a href=\"mailto:praxis@osteopathie-stock.de\">praxis@osteopathie-stock.de<\/a><\/p>\n\n\n\n<figure class=\"wp-block-image aligncenter size-large is-resized\"><img loading=\"lazy\" decoding=\"async\" width=\"1024\" height=\"576\" src=\"https:\/\/osteopathie-stock.de\/wp-content\/uploads\/2023\/11\/Silke-Logo-groessere-Schrift-V2-1024x576.png\" alt=\"\" class=\"wp-image-32\" style=\"width:529px;height:auto\" srcset=\"https:\/\/osteopathie-stock.de\/wp-content\/uploads\/2023\/11\/Silke-Logo-groessere-Schrift-V2-1024x576.png 1024w, https:\/\/osteopathie-stock.de\/wp-content\/uploads\/2023\/11\/Silke-Logo-groessere-Schrift-V2-300x169.png 300w, https:\/\/osteopathie-stock.de\/wp-content\/uploads\/2023\/11\/Silke-Logo-groessere-Schrift-V2-768x432.png 768w, https:\/\/osteopathie-stock.de\/wp-content\/uploads\/2023\/11\/Silke-Logo-groessere-Schrift-V2-1536x864.png 1536w, https:\/\/osteopathie-stock.de\/wp-content\/uploads\/2023\/11\/Silke-Logo-groessere-Schrift-V2.png 1920w\" sizes=\"auto, (max-width: 1024px) 100vw, 1024px\" \/><\/figure>\n","protected":false},"excerpt":{"rendered":"<p>Termine nach Vereinbarung. Tel.: 02402 9738780 Telefonzeiten: Montag: 13.00-16.00 Uhr Mittwoch: 11.00-14.00 Uhr Au\u00dferhalb der Telefonzeiten k\u00f6nnen Sie eine Nachricht mit einer R\u00fcckrufnummer auf dem Anrufbeantworter hinterlassen. Alternativ k\u00f6nnen Sie via E-Mail Kontakt aufnehmen. praxis@osteopathie-stock.de<\/p>\n","protected":false},"author":2,"featured_media":0,"parent":11,"menu_order":5,"comment_status":"closed","ping_status":"closed","template":"","meta":{"footnotes":""},"class_list":["post-27","page","type-page","status-publish","hentry"],"_links":{"self":[{"href":"https:\/\/osteopathie-stock.de\/herzlich-willkommen\/?page_id=11%2Findex.php&rest_route=\/wp\/v2\/pages\/27","targetHints":{"allow":["GET"]}}],"collection":[{"href":"https:\/\/osteopathie-stock.de\/herzlich-willkommen\/?page_id=11%2Findex.php&rest_route=\/wp\/v2\/pages"}],"about":[{"href":"https:\/\/osteopathie-stock.de\/herzlich-willkommen\/?page_id=11%2Findex.php&rest_route=\/wp\/v2\/types\/page"}],"author":[{"embeddable":true,"href":"https:\/\/osteopathie-stock.de\/herzlich-willkommen\/?page_id=11%2Findex.php&rest_route=\/wp\/v2\/users\/2"}],"replies":[{"embeddable":true,"href":"https:\/\/osteopathie-stock.de\/herzlich-willkommen\/?page_id=11%2Findex.php&rest_route=%2Fwp%2Fv2%2Fcomments&post=27"}],"version-history":[{"count":11,"href":"https:\/\/osteopathie-stock.de\/herzlich-willkommen\/?page_id=11%2Findex.php&rest_route=\/wp\/v2\/pages\/27\/revisions"}],"predecessor-version":[{"id":93,"href":"https:\/\/osteopathie-stock.de\/herzlich-willkommen\/?page_id=11%2Findex.php&rest_route=\/wp\/v2\/pages\/27\/revisions\/93"}],"up":[{"embeddable":true,"href":"https:\/\/osteopathie-stock.de\/herzlich-willkommen\/?page_id=11%2Findex.php&rest_route=\/wp\/v2\/pages\/11"}],"wp:attachment":[{"href":"https:\/\/osteopathie-stock.de\/herzlich-willkommen\/?page_id=11%2Findex.php&rest_route=%2Fwp%2Fv2%2Fmedia&parent=27"}],"curies":[{"name":"wp","href":"https:\/\/api.w.org\/{rel}","templated":true}]}}