{"id":71,"date":"2023-11-21T09:37:14","date_gmt":"2023-11-21T09:37:14","guid":{"rendered":"http:\/\/boekenstock.de\/?page_id=71"},"modified":"2025-08-30T12:48:12","modified_gmt":"2025-08-30T12:48:12","slug":"kosten-kostenerstattung","status":"publish","type":"page","link":"https:\/\/osteopathie-stock.de\/herzlich-willkommen\/?page_id=11\/?page_id=71","title":{"rendered":"Kosten &#038; Kostenerstattung"},"content":{"rendered":"\n<p class=\"has-text-align-center\"><strong>Eine osteopathische Behandlung dauert 50 bis 60 Minuten und kostet ab dem 01.09.2025    90,00\u20ac.<\/strong><\/p>\n\n\n\n<p class=\"has-text-align-center\">Bitte planen Sie immer eine Stunde Zeit ein. Insbesondere der erste Termin ben\u00f6tigt einen zeitlich gr\u00f6\u00dferen Spielraum.<\/p>\n\n\n\n<p class=\"has-text-align-center\">Nach individueller Absprache und m\u00f6glicherweise komplexerem Beschwerdebild plane ich auch manchmal 90 Minuten ein.<\/p>\n\n\n\n<hr class=\"wp-block-separator has-alpha-channel-opacity\"\/>\n\n\n\n<p class=\"has-text-align-center has-medium-font-size\"><strong>Kostenerstattung gesetzlicher Krankenkassen<\/strong><\/p>\n\n\n\n<p class=\"has-text-align-center\">seit 2012 \u00fcbernehmen viele gesetzliche Krankenkassen die Kosten anteilig. Bitte informieren Sie sich bei Ihrer Krankenkasse oder auf: <a href=\"http:\/\/www.osteokompass.de\" target=\"_blank\" rel=\"noreferrer noopener\">www.osteokompass.de<\/a> \u00fcber Ihre M\u00f6glichkeiten. Meine Praxis erf\u00fcllt alle notwendigen Vorrausetzungen, die eine Kosten\u00fcbernahme der gesetzlichen Krankenkassen erm\u00f6glicht !<\/p>\n\n\n\n<p class=\"has-text-align-center\">Eine Gemeinsamkeit aller gesetzl. Krankenkassen: Sie ben\u00f6tigen ein Privatrezept (sogen.\u201cgr\u00fcnes Rezept\u201c) \u00fcber Osteopathie welches jeder Mediziner, gleich welcher Fachrichtung, ausstellen kann.<\/p>\n\n\n\n<p class=\"has-text-align-center\"><strong>Kosten\u00fcbernahme privater Versicherungen und Beihilfe<\/strong><\/p>\n\n\n\n<p class=\"has-text-align-center\">die Rechnung erfolgt nach der Geb\u00fcH (Geb\u00fchrenordnung f\u00fcr Heilpraktiker). Beihilfe- sowie Privatversicherten werden im Regelfall die Behandlungskosten erstattet.<\/p>\n\n\n\n<figure class=\"wp-block-image aligncenter size-large\"><img loading=\"lazy\" decoding=\"async\" width=\"1024\" height=\"576\" src=\"https:\/\/osteopathie-stock.de\/wp-content\/uploads\/2023\/11\/Silke-Logo-nur-Name-1024x576.png\" alt=\"\" class=\"wp-image-63\" srcset=\"https:\/\/osteopathie-stock.de\/wp-content\/uploads\/2023\/11\/Silke-Logo-nur-Name-1024x576.png 1024w, https:\/\/osteopathie-stock.de\/wp-content\/uploads\/2023\/11\/Silke-Logo-nur-Name-300x169.png 300w, https:\/\/osteopathie-stock.de\/wp-content\/uploads\/2023\/11\/Silke-Logo-nur-Name-768x432.png 768w, https:\/\/osteopathie-stock.de\/wp-content\/uploads\/2023\/11\/Silke-Logo-nur-Name-1536x864.png 1536w, https:\/\/osteopathie-stock.de\/wp-content\/uploads\/2023\/11\/Silke-Logo-nur-Name.png 1920w\" sizes=\"auto, (max-width: 1024px) 100vw, 1024px\" \/><\/figure>\n","protected":false},"excerpt":{"rendered":"<p>Eine osteopathische Behandlung dauert 50 bis 60 Minuten und kostet ab dem 01.09.2025 90,00\u20ac. Bitte planen Sie immer eine Stunde Zeit ein. Insbesondere der erste Termin ben\u00f6tigt einen zeitlich gr\u00f6\u00dferen Spielraum. Nach individueller Absprache und m\u00f6glicherweise komplexerem Beschwerdebild plane ich auch manchmal 90 Minuten ein. Kostenerstattung gesetzlicher Krankenkassen seit 2012 \u00fcbernehmen viele gesetzliche Krankenkassen die [&hellip;]<\/p>\n","protected":false},"author":2,"featured_media":0,"parent":11,"menu_order":4,"comment_status":"closed","ping_status":"closed","template":"","meta":{"footnotes":""},"class_list":["post-71","page","type-page","status-publish","hentry"],"_links":{"self":[{"href":"https:\/\/osteopathie-stock.de\/herzlich-willkommen\/?page_id=11%2Findex.php&rest_route=\/wp\/v2\/pages\/71","targetHints":{"allow":["GET"]}}],"collection":[{"href":"https:\/\/osteopathie-stock.de\/herzlich-willkommen\/?page_id=11%2Findex.php&rest_route=\/wp\/v2\/pages"}],"about":[{"href":"https:\/\/osteopathie-stock.de\/herzlich-willkommen\/?page_id=11%2Findex.php&rest_route=\/wp\/v2\/types\/page"}],"author":[{"embeddable":true,"href":"https:\/\/osteopathie-stock.de\/herzlich-willkommen\/?page_id=11%2Findex.php&rest_route=\/wp\/v2\/users\/2"}],"replies":[{"embeddable":true,"href":"https:\/\/osteopathie-stock.de\/herzlich-willkommen\/?page_id=11%2Findex.php&rest_route=%2Fwp%2Fv2%2Fcomments&post=71"}],"version-history":[{"count":6,"href":"https:\/\/osteopathie-stock.de\/herzlich-willkommen\/?page_id=11%2Findex.php&rest_route=\/wp\/v2\/pages\/71\/revisions"}],"predecessor-version":[{"id":159,"href":"https:\/\/osteopathie-stock.de\/herzlich-willkommen\/?page_id=11%2Findex.php&rest_route=\/wp\/v2\/pages\/71\/revisions\/159"}],"up":[{"embeddable":true,"href":"https:\/\/osteopathie-stock.de\/herzlich-willkommen\/?page_id=11%2Findex.php&rest_route=\/wp\/v2\/pages\/11"}],"wp:attachment":[{"href":"https:\/\/osteopathie-stock.de\/herzlich-willkommen\/?page_id=11%2Findex.php&rest_route=%2Fwp%2Fv2%2Fmedia&parent=71"}],"curies":[{"name":"wp","href":"https:\/\/api.w.org\/{rel}","templated":true}]}}