{"id":74,"date":"2023-11-21T09:35:12","date_gmt":"2023-11-21T09:35:12","guid":{"rendered":"http:\/\/boekenstock.de\/?page_id=74"},"modified":"2024-06-14T14:56:21","modified_gmt":"2024-06-14T14:56:21","slug":"osteopathie","status":"publish","type":"page","link":"https:\/\/osteopathie-stock.de\/herzlich-willkommen\/?page_id=11\/?page_id=74","title":{"rendered":"Osteopathie"},"content":{"rendered":"\n<p class=\"has-text-align-center\">Die Osteopathie ist eine eigenst\u00e4ndige medizinische Behandlungsform, die den menschlichen K\u00f6rper ganzheitlich betrachtet. Die Behandlung wird ausschlie\u00dflich mit den H\u00e4nden durchgef\u00fchrt und erfolgt im Anschluss einer Anamnese (Befragung) und gr\u00fcndlichen Untersuchung. Ziel einer jeden osteopathischen Behandlung ist es, St\u00f6rungen, sogen. Dysfunktionen, des K\u00f6rpers zu finden und mithilfe unterschiedlichster Techniken zu l\u00f6sen. Durch das Beseitigen von Bewegungseinschr\u00e4nkungen jeglicher K\u00f6rperstrukturen soll der Mensch in seiner Selbstheilungskompetenz unterst\u00fctzt werden!<\/p>\n\n\n\n<blockquote class=\"wp-block-quote has-text-align-center has-background is-layout-flow wp-block-quote-is-layout-flow\" style=\"background-color:#a3a3a333\">\n<p> \u201eFind it, fix it and leave it alone\u201c<\/p>\n<cite>Andrew Taylor Still<\/cite><\/blockquote>\n\n\n\n<p class=\"has-text-align-center\">Das bedeutet, da\u00df alle Bestandteile und Strukturen des K\u00f6rpers in unterschiedlich wechselseitiger Beziehung und Funktion zueinander stehen. Auf der Basis profunder anatomischer und physiologischer Kenntnisse versucht der Osteopath\/in Einschr\u00e4nkungen in diesen Wechselbeziehungen \u201eaufzusp\u00fcren\u201c und zu beseitigen.<\/p>\n\n\n\n<blockquote class=\"wp-block-quote has-text-align-center has-background is-layout-flow wp-block-quote-is-layout-flow\" style=\"background-color:#a3a3a333\">\n<p>\u201eWenn alle Systeme des K\u00f6rpers wohlgeordnet sind, herrscht Gesundheit\u201c<\/p>\n<cite>Andrew Taylor Still<\/cite><\/blockquote>\n\n\n\n<p class=\"has-text-align-center\">Inhaltlich unterscheidet man in der Osteopathie 3 Teilbereiche:<\/p>\n\n\n\n<p class=\"has-text-align-left\"><strong>Parietale Osteopathie:<\/strong> sie fokussiert sich auf die Therapie von Gelenken, Knochen, Muskulatur und allen bindegewebigen Strukturen wie z.B. Faszien, Sehnen u. B\u00e4ndern.<\/p>\n\n\n\n<p><strong>Viszerale Osteopathie<\/strong>: sie konzentriert sich auf die Behandlung aller inneren Organe und deren bindegewebiger Aufh\u00e4ngungen sowie derer Zirkulation, d.h. Blutver- und entsorgung.<\/p>\n\n\n\n<p><strong>Craniosakrale Osteopathie<\/strong>: ihr Schwerpunkt liegt in der Behandlung des Sch\u00e4dels, des Kreuzbeins und des Nervensystems.<\/p>\n\n\n\n<p><\/p>\n\n\n\n<p class=\"has-text-align-center\">Diese drei Bereiche sind eng miteinander verbunden. Nur wenn man diese Verzahnungen ber\u00fccksichtigt, die Wechselwirkungen kennt und sie entsprechend in einer Therapieeinheit kombiniert, kann eine osteopathische Behandlung erfolgreich sein !<\/p>\n\n\n\n<p class=\"has-text-align-center\">Die Osteopathie versteht sich als sinnvolle Erg\u00e4nzung zur Schulmedizin, die in erster Linie krankheits- bzw. symptombezogen agiert. \/kann als sinnvolle Erg\u00e4nzung zur Schulmedizin gesehen werden.<\/p>\n\n\n\n<blockquote class=\"wp-block-quote has-background is-layout-flow wp-block-quote-is-layout-flow\" style=\"background-color:#a3a3a333\">\n<p class=\"has-text-align-center\">&#8222;Leben ist Bewegung&#8220;<\/p>\n<cite>Andrew Taylor Still<\/cite><\/blockquote>\n\n\n\n<figure class=\"wp-block-image size-large\"><img loading=\"lazy\" decoding=\"async\" width=\"1024\" height=\"576\" src=\"https:\/\/osteopathie-stock.de\/wp-content\/uploads\/2023\/11\/Silke-Logo-nur-Name-1024x576.png\" alt=\"\" class=\"wp-image-63\" srcset=\"https:\/\/osteopathie-stock.de\/wp-content\/uploads\/2023\/11\/Silke-Logo-nur-Name-1024x576.png 1024w, https:\/\/osteopathie-stock.de\/wp-content\/uploads\/2023\/11\/Silke-Logo-nur-Name-300x169.png 300w, https:\/\/osteopathie-stock.de\/wp-content\/uploads\/2023\/11\/Silke-Logo-nur-Name-768x432.png 768w, https:\/\/osteopathie-stock.de\/wp-content\/uploads\/2023\/11\/Silke-Logo-nur-Name-1536x864.png 1536w, https:\/\/osteopathie-stock.de\/wp-content\/uploads\/2023\/11\/Silke-Logo-nur-Name.png 1920w\" sizes=\"auto, (max-width: 1024px) 100vw, 1024px\" \/><\/figure>\n","protected":false},"excerpt":{"rendered":"<p>Die Osteopathie ist eine eigenst\u00e4ndige medizinische Behandlungsform, die den menschlichen K\u00f6rper ganzheitlich betrachtet. Die Behandlung wird ausschlie\u00dflich mit den H\u00e4nden durchgef\u00fchrt und erfolgt im Anschluss einer Anamnese (Befragung) und gr\u00fcndlichen Untersuchung. Ziel einer jeden osteopathischen Behandlung ist es, St\u00f6rungen, sogen. Dysfunktionen, des K\u00f6rpers zu finden und mithilfe unterschiedlichster Techniken zu l\u00f6sen. Durch das Beseitigen von [&hellip;]<\/p>\n","protected":false},"author":2,"featured_media":0,"parent":11,"menu_order":1,"comment_status":"closed","ping_status":"closed","template":"","meta":{"footnotes":""},"class_list":["post-74","page","type-page","status-publish","hentry"],"_links":{"self":[{"href":"https:\/\/osteopathie-stock.de\/herzlich-willkommen\/?page_id=11%2Findex.php&rest_route=\/wp\/v2\/pages\/74","targetHints":{"allow":["GET"]}}],"collection":[{"href":"https:\/\/osteopathie-stock.de\/herzlich-willkommen\/?page_id=11%2Findex.php&rest_route=\/wp\/v2\/pages"}],"about":[{"href":"https:\/\/osteopathie-stock.de\/herzlich-willkommen\/?page_id=11%2Findex.php&rest_route=\/wp\/v2\/types\/page"}],"author":[{"embeddable":true,"href":"https:\/\/osteopathie-stock.de\/herzlich-willkommen\/?page_id=11%2Findex.php&rest_route=\/wp\/v2\/users\/2"}],"replies":[{"embeddable":true,"href":"https:\/\/osteopathie-stock.de\/herzlich-willkommen\/?page_id=11%2Findex.php&rest_route=%2Fwp%2Fv2%2Fcomments&post=74"}],"version-history":[{"count":4,"href":"https:\/\/osteopathie-stock.de\/herzlich-willkommen\/?page_id=11%2Findex.php&rest_route=\/wp\/v2\/pages\/74\/revisions"}],"predecessor-version":[{"id":84,"href":"https:\/\/osteopathie-stock.de\/herzlich-willkommen\/?page_id=11%2Findex.php&rest_route=\/wp\/v2\/pages\/74\/revisions\/84"}],"up":[{"embeddable":true,"href":"https:\/\/osteopathie-stock.de\/herzlich-willkommen\/?page_id=11%2Findex.php&rest_route=\/wp\/v2\/pages\/11"}],"wp:attachment":[{"href":"https:\/\/osteopathie-stock.de\/herzlich-willkommen\/?page_id=11%2Findex.php&rest_route=%2Fwp%2Fv2%2Fmedia&parent=74"}],"curies":[{"name":"wp","href":"https:\/\/api.w.org\/{rel}","templated":true}]}}