{"id":80,"date":"2023-11-21T09:35:45","date_gmt":"2023-11-21T09:35:45","guid":{"rendered":"http:\/\/boekenstock.de\/?page_id=80"},"modified":"2024-06-14T14:57:45","modified_gmt":"2024-06-14T14:57:45","slug":"philosophie","status":"publish","type":"page","link":"https:\/\/osteopathie-stock.de\/herzlich-willkommen\/?page_id=11\/?page_id=80","title":{"rendered":"Philosophie"},"content":{"rendered":"\n<figure class=\"wp-block-image aligncenter size-large is-resized\"><img loading=\"lazy\" decoding=\"async\" width=\"950\" height=\"1024\" src=\"https:\/\/osteopathie-stock.de\/wp-content\/uploads\/2023\/11\/DSCF3073-Bearbeitet-950x1024.jpg\" alt=\"\" class=\"wp-image-81\" style=\"width:436px;height:auto\" srcset=\"https:\/\/osteopathie-stock.de\/wp-content\/uploads\/2023\/11\/DSCF3073-Bearbeitet-950x1024.jpg 950w, https:\/\/osteopathie-stock.de\/wp-content\/uploads\/2023\/11\/DSCF3073-Bearbeitet-278x300.jpg 278w, https:\/\/osteopathie-stock.de\/wp-content\/uploads\/2023\/11\/DSCF3073-Bearbeitet-768x828.jpg 768w, https:\/\/osteopathie-stock.de\/wp-content\/uploads\/2023\/11\/DSCF3073-Bearbeitet-1425x1536.jpg 1425w, https:\/\/osteopathie-stock.de\/wp-content\/uploads\/2023\/11\/DSCF3073-Bearbeitet-1900x2048.jpg 1900w\" sizes=\"auto, (max-width: 950px) 100vw, 950px\" \/><\/figure>\n\n\n\n<p class=\"has-text-align-center\">Meine Ausbildungen und meine langj\u00e4hrigen beruflichen Erfahrungen in der therapeutischen Arbeit mit Menschen haben mein heutiges Berufsverst\u00e4ndnis, meine Philosophie gepr\u00e4gt.<\/p>\n\n\n\n<p class=\"has-text-align-center\">Meine langj\u00e4hrige T\u00e4tigkeit in meinem ersten Beruf, als Sporttherapeutin und Sportwissenschaftlerin im Bereich der ambulanten Rehabilitationen und zur Versorgung von Breiten- und Leistungssportlern, schuf die Basis meines therapeutischen Arbeitens. Mit der Ausbildung zur Physiotherapeutin erg\u00e4nzte ich mein therapeutisches Wissen und Handeln. Obwohl ich in beiden Berufen komplement\u00e4r, zufrieden und erfolgreich arbeiten konnte, fehlte mir in der medizinisch therapeutischen Arbeit die Gesamtbetrachtung des Menschen, so das ich folgerichtig das Studium der Osteopathie begann.<\/p>\n\n\n\n<p class=\"has-text-align-center\">Der ganzheitliche Ansatz der Osteopathie ist f\u00fcr mich die Idealform medizinisch therapeutischer Vorgehensweise !<\/p>\n\n\n\n<p class=\"has-text-align-center\">\u201eDer Schl\u00fcssel einer erfolgreichen therapeutischen Arbeit ist, die Art der Beschwerden richtig zu interpretieren, die Ursachen ausfindig zu machen und den K\u00f6rper als funktionelle Einheit zu betrachten und dementsprechend zu behandeln.\u201c<\/p>\n\n\n\n<figure class=\"wp-block-image size-large\"><img loading=\"lazy\" decoding=\"async\" width=\"1024\" height=\"576\" src=\"https:\/\/osteopathie-stock.de\/wp-content\/uploads\/2023\/11\/Silke-Logo-nur-Name-1024x576.png\" alt=\"\" class=\"wp-image-63\" srcset=\"https:\/\/osteopathie-stock.de\/wp-content\/uploads\/2023\/11\/Silke-Logo-nur-Name-1024x576.png 1024w, https:\/\/osteopathie-stock.de\/wp-content\/uploads\/2023\/11\/Silke-Logo-nur-Name-300x169.png 300w, https:\/\/osteopathie-stock.de\/wp-content\/uploads\/2023\/11\/Silke-Logo-nur-Name-768x432.png 768w, https:\/\/osteopathie-stock.de\/wp-content\/uploads\/2023\/11\/Silke-Logo-nur-Name-1536x864.png 1536w, https:\/\/osteopathie-stock.de\/wp-content\/uploads\/2023\/11\/Silke-Logo-nur-Name.png 1920w\" sizes=\"auto, (max-width: 1024px) 100vw, 1024px\" \/><\/figure>\n","protected":false},"excerpt":{"rendered":"<p>Meine Ausbildungen und meine langj\u00e4hrigen beruflichen Erfahrungen in der therapeutischen Arbeit mit Menschen haben mein heutiges Berufsverst\u00e4ndnis, meine Philosophie gepr\u00e4gt. Meine langj\u00e4hrige T\u00e4tigkeit in meinem ersten Beruf, als Sporttherapeutin und Sportwissenschaftlerin im Bereich der ambulanten Rehabilitationen und zur Versorgung von Breiten- und Leistungssportlern, schuf die Basis meines therapeutischen Arbeitens. Mit der Ausbildung zur Physiotherapeutin erg\u00e4nzte [&hellip;]<\/p>\n","protected":false},"author":2,"featured_media":0,"parent":11,"menu_order":2,"comment_status":"closed","ping_status":"closed","template":"","meta":{"footnotes":""},"class_list":["post-80","page","type-page","status-publish","hentry"],"_links":{"self":[{"href":"https:\/\/osteopathie-stock.de\/herzlich-willkommen\/?page_id=11%2Findex.php&rest_route=\/wp\/v2\/pages\/80","targetHints":{"allow":["GET"]}}],"collection":[{"href":"https:\/\/osteopathie-stock.de\/herzlich-willkommen\/?page_id=11%2Findex.php&rest_route=\/wp\/v2\/pages"}],"about":[{"href":"https:\/\/osteopathie-stock.de\/herzlich-willkommen\/?page_id=11%2Findex.php&rest_route=\/wp\/v2\/types\/page"}],"author":[{"embeddable":true,"href":"https:\/\/osteopathie-stock.de\/herzlich-willkommen\/?page_id=11%2Findex.php&rest_route=\/wp\/v2\/users\/2"}],"replies":[{"embeddable":true,"href":"https:\/\/osteopathie-stock.de\/herzlich-willkommen\/?page_id=11%2Findex.php&rest_route=%2Fwp%2Fv2%2Fcomments&post=80"}],"version-history":[{"count":3,"href":"https:\/\/osteopathie-stock.de\/herzlich-willkommen\/?page_id=11%2Findex.php&rest_route=\/wp\/v2\/pages\/80\/revisions"}],"predecessor-version":[{"id":100,"href":"https:\/\/osteopathie-stock.de\/herzlich-willkommen\/?page_id=11%2Findex.php&rest_route=\/wp\/v2\/pages\/80\/revisions\/100"}],"up":[{"embeddable":true,"href":"https:\/\/osteopathie-stock.de\/herzlich-willkommen\/?page_id=11%2Findex.php&rest_route=\/wp\/v2\/pages\/11"}],"wp:attachment":[{"href":"https:\/\/osteopathie-stock.de\/herzlich-willkommen\/?page_id=11%2Findex.php&rest_route=%2Fwp%2Fv2%2Fmedia&parent=80"}],"curies":[{"name":"wp","href":"https:\/\/api.w.org\/{rel}","templated":true}]}}